{"id":3550,"date":"2021-09-17T04:04:11","date_gmt":"2021-09-17T04:04:11","guid":{"rendered":"https:\/\/www.componentesyunidades.com\/nosotros\/"},"modified":"2025-03-21T09:38:55","modified_gmt":"2025-03-21T09:38:55","slug":"nosotros","status":"publish","type":"page","link":"https:\/\/www.componentesyunidades.com\/en\/nosotros\/","title":{"rendered":"Management team"},"content":{"rendered":"\t\t<div data-elementor-type=\"wp-post\" data-elementor-id=\"3550\" class=\"elementor elementor-3550 elementor-790\" data-elementor-post-type=\"page\">\n\t\t\t\t\t\t<section class=\"elementor-section elementor-top-section elementor-element elementor-element-f3b07d9 elementor-section-boxed elementor-section-height-default elementor-section-height-default\" data-id=\"f3b07d9\" data-element_type=\"section\" data-e-type=\"section\" data-settings=\"{&quot;background_background&quot;:&quot;classic&quot;}\">\n\t\t\t\t\t\t<div class=\"elementor-container elementor-column-gap-default\">\n\t\t\t\t\t<div class=\"elementor-column elementor-col-100 elementor-top-column elementor-element elementor-element-0e7a8c6\" data-id=\"0e7a8c6\" data-element_type=\"column\" data-e-type=\"column\">\n\t\t\t<div class=\"elementor-widget-wrap elementor-element-populated\">\n\t\t\t\t\t\t<div class=\"elementor-element elementor-element-19e1c7c elementor-widget elementor-widget-heading\" data-id=\"19e1c7c\" data-element_type=\"widget\" data-e-type=\"widget\" data-widget_type=\"heading.default\">\n\t\t\t\t<div class=\"elementor-widget-container\">\n\t\t\t\t\t<h2 class=\"elementor-heading-title elementor-size-default\">MANAGEMENT TEAM<\/h2>\t\t\t\t<\/div>\n\t\t\t\t<\/div>\n\t\t\t\t\t<\/div>\n\t\t<\/div>\n\t\t\t\t\t<\/div>\n\t\t<\/section>\n\t\t\t\t<section class=\"elementor-section elementor-top-section elementor-element elementor-element-c141677 elementor-section-boxed elementor-section-height-default elementor-section-height-default\" data-id=\"c141677\" data-element_type=\"section\" data-e-type=\"section\">\n\t\t\t\t\t\t<div class=\"elementor-container elementor-column-gap-default\">\n\t\t\t\t\t<div class=\"elementor-column elementor-col-33 elementor-top-column elementor-element elementor-element-6a6417d\" data-id=\"6a6417d\" data-element_type=\"column\" data-e-type=\"column\">\n\t\t\t<div class=\"elementor-widget-wrap elementor-element-populated\">\n\t\t\t\t\t\t<div class=\"elementor-element elementor-element-bb53b19 elementor-widget elementor-widget-image\" data-id=\"bb53b19\" data-element_type=\"widget\" data-e-type=\"widget\" data-widget_type=\"image.default\">\n\t\t\t\t<div class=\"elementor-widget-container\">\n\t\t\t\t\t\t\t\t\t\t\t\t\t\t\t<img fetchpriority=\"high\" decoding=\"async\" width=\"485\" height=\"485\" src=\"https:\/\/www.componentesyunidades.com\/wp-content\/uploads\/2025\/03\/Begona-Lopez-Ferrer.jpg\" class=\"attachment-full size-full wp-image-24582\" alt=\"\" srcset=\"https:\/\/www.componentesyunidades.com\/wp-content\/uploads\/2025\/03\/Begona-Lopez-Ferrer.jpg 485w, https:\/\/www.componentesyunidades.com\/wp-content\/uploads\/2025\/03\/Begona-Lopez-Ferrer-300x300.jpg 300w, https:\/\/www.componentesyunidades.com\/wp-content\/uploads\/2025\/03\/Begona-Lopez-Ferrer-150x150.jpg 150w\" sizes=\"(max-width: 485px) 100vw, 485px\" \/>\t\t\t\t\t\t\t\t\t\t\t\t\t\t\t<\/div>\n\t\t\t\t<\/div>\n\t\t\t\t<div class=\"elementor-element elementor-element-12aa2de elementor-absolute elementor-invisible elementor-widget elementor-widget-image\" data-id=\"12aa2de\" data-element_type=\"widget\" data-e-type=\"widget\" data-settings=\"{&quot;_animation&quot;:&quot;fadeInLeft&quot;,&quot;_position&quot;:&quot;absolute&quot;}\" data-widget_type=\"image.default\">\n\t\t\t\t<div class=\"elementor-widget-container\">\n\t\t\t\t\t\t\t\t\t\t\t\t\t\t\t<img decoding=\"async\" src=\"https:\/\/www.componentesyunidades.com\/wp-content\/uploads\/elementor\/thumbs\/Composicion-componentes-rojo-qc8ungt9kgn43rnat0ogv0wq3of6gjy1a97cn7sgdk.png\" title=\"Composicion componentes-rojo\" alt=\"Composicion componentes-rojo\" loading=\"lazy\" \/>\t\t\t\t\t\t\t\t\t\t\t\t\t\t\t<\/div>\n\t\t\t\t<\/div>\n\t\t\t\t<div class=\"elementor-element elementor-element-3e7d1fd elementor-widget elementor-widget-heading\" data-id=\"3e7d1fd\" data-element_type=\"widget\" data-e-type=\"widget\" data-widget_type=\"heading.default\">\n\t\t\t\t<div class=\"elementor-widget-container\">\n\t\t\t\t\t<h2 class=\"elementor-heading-title elementor-size-default\">Bego\u00f1a L\u00f3pez Ferrer<\/h2>\t\t\t\t<\/div>\n\t\t\t\t<\/div>\n\t\t\t\t<div class=\"elementor-element elementor-element-e0619f5 elementor-widget elementor-widget-heading\" data-id=\"e0619f5\" data-element_type=\"widget\" data-e-type=\"widget\" data-widget_type=\"heading.default\">\n\t\t\t\t<div class=\"elementor-widget-container\">\n\t\t\t\t\t<h2 class=\"elementor-heading-title elementor-size-default\">CEO<\/h2>\t\t\t\t<\/div>\n\t\t\t\t<\/div>\n\t\t\t\t<div class=\"elementor-element elementor-element-4bfbb07 elementor-widget elementor-widget-text-editor\" data-id=\"4bfbb07\" data-element_type=\"widget\" data-e-type=\"widget\" data-widget_type=\"text-editor.default\">\n\t\t\t\t<div class=\"elementor-widget-container\">\n\t\t\t\t\t\t\t\t\t<p>Bego\u00f1a L\u00f3pez is an economist and MBA graduate with more than 20 years of experience in the business sector, and 8 years in the public sector.<\/p><p>In 2004 she entered the industrialised construction area and has since led and developed important industrialised production centres such as Modultec and The Prototipo Company.<\/p><p>With more than 200 industrialised construction projects to her name, she is one of the leading experts in this field in Spain. Works include the Real Madrid residences in Valdebebas, hospitals, residences, hotels, schools, high-rise and single-family homes, restaurants (McDonald&#8217;s, KFC, Starbucks), industrial buildings and compatible components like bathrooms, structures and facades, among others.<\/p><p>She has participated in important research projects like the CETICA Industrialisation Project for Construction, financed by the CDTI with \u20ac 24.3M.\u00a0She has been and continues working as an advisor on industrialisation for public administrations in several Autonomous Communities, and as a speaker both at university courses and at important conferences and discussion tables around the country.<\/p>\t\t\t\t\t\t\t\t<\/div>\n\t\t\t\t<\/div>\n\t\t\t\t\t<\/div>\n\t\t<\/div>\n\t\t\t\t<div class=\"elementor-column elementor-col-33 elementor-top-column elementor-element elementor-element-9c0eab6\" data-id=\"9c0eab6\" data-element_type=\"column\" data-e-type=\"column\">\n\t\t\t<div class=\"elementor-widget-wrap elementor-element-populated\">\n\t\t\t\t\t\t<div class=\"elementor-element elementor-element-d87ae54 elementor-widget elementor-widget-image\" data-id=\"d87ae54\" data-element_type=\"widget\" data-e-type=\"widget\" data-widget_type=\"image.default\">\n\t\t\t\t<div class=\"elementor-widget-container\">\n\t\t\t\t\t\t\t\t\t\t\t\t\t\t\t<img decoding=\"async\" width=\"485\" height=\"485\" src=\"https:\/\/www.componentesyunidades.com\/wp-content\/uploads\/2021\/09\/Jose_Luis_sanschez_sierra-e1632117635963.jpg\" class=\"attachment-medium_large size-medium_large wp-image-3329\" alt=\"\" srcset=\"https:\/\/www.componentesyunidades.com\/wp-content\/uploads\/2021\/09\/Jose_Luis_sanschez_sierra-e1632117635963.jpg 485w, https:\/\/www.componentesyunidades.com\/wp-content\/uploads\/2021\/09\/Jose_Luis_sanschez_sierra-e1632117635963-300x300.jpg 300w, https:\/\/www.componentesyunidades.com\/wp-content\/uploads\/2021\/09\/Jose_Luis_sanschez_sierra-e1632117635963-150x150.jpg 150w\" sizes=\"(max-width: 485px) 100vw, 485px\" \/>\t\t\t\t\t\t\t\t\t\t\t\t\t\t\t<\/div>\n\t\t\t\t<\/div>\n\t\t\t\t<div class=\"elementor-element elementor-element-096d201 elementor-absolute elementor-invisible elementor-widget elementor-widget-image\" data-id=\"096d201\" data-element_type=\"widget\" data-e-type=\"widget\" data-settings=\"{&quot;_animation&quot;:&quot;fadeInDown&quot;,&quot;_position&quot;:&quot;absolute&quot;}\" data-widget_type=\"image.default\">\n\t\t\t\t<div class=\"elementor-widget-container\">\n\t\t\t\t\t\t\t\t\t\t\t\t\t\t\t<img decoding=\"async\" src=\"https:\/\/www.componentesyunidades.com\/wp-content\/uploads\/elementor\/thumbs\/Composicion-componentes-rojo-qc8ungt9kgn43rnat0ogv0wq3of6gjy1a97cn7sgdk.png\" title=\"Composicion componentes-rojo\" alt=\"Composicion componentes-rojo\" class=\"elementor-animation-grow\" loading=\"lazy\" \/>\t\t\t\t\t\t\t\t\t\t\t\t\t\t\t<\/div>\n\t\t\t\t<\/div>\n\t\t\t\t<div class=\"elementor-element elementor-element-84287f6 elementor-widget elementor-widget-heading\" data-id=\"84287f6\" data-element_type=\"widget\" data-e-type=\"widget\" data-widget_type=\"heading.default\">\n\t\t\t\t<div class=\"elementor-widget-container\">\n\t\t\t\t\t<h2 class=\"elementor-heading-title elementor-size-default\">Jos\u00e9 Luis Su\u00e1rez Sierra<\/h2>\t\t\t\t<\/div>\n\t\t\t\t<\/div>\n\t\t\t\t<div class=\"elementor-element elementor-element-7d278e4 elementor-widget elementor-widget-heading\" data-id=\"7d278e4\" data-element_type=\"widget\" data-e-type=\"widget\" data-widget_type=\"heading.default\">\n\t\t\t\t<div class=\"elementor-widget-container\">\n\t\t\t\t\t<h2 class=\"elementor-heading-title elementor-size-default\">Director  of Engineering <\/h2>\t\t\t\t<\/div>\n\t\t\t\t<\/div>\n\t\t\t\t<div class=\"elementor-element elementor-element-3ec6c1a elementor-widget elementor-widget-text-editor\" data-id=\"3ec6c1a\" data-element_type=\"widget\" data-e-type=\"widget\" data-widget_type=\"text-editor.default\">\n\t\t\t\t<div class=\"elementor-widget-container\">\n\t\t\t\t\t\t\t\t\t<p>Jos\u00e9 Luis holds a doctorate in Industrial Engineering, is an associate professor at the Department of Construction and Manufacturing Engineering of the University of Oviedo, and manager of the technology consulting company T\u00e1ctica Industrial.<\/p><p>As a vocational entrepreneur, he has more than 20 years of experience in the development and transfer of technology to the market.<\/p><p>Since 2004 he has participated in and directed important industrialisation processes and developments, having participated in various research projects in the industrialised construction sector such as CETICA, and the development of relevant patents and utility models.<\/p><p>He is a founding member of the Innovation Cluster of the Principality of Asturias and is responsible for numerous product developments and industrial production lines directly related to industrialised construction.<\/p>\t\t\t\t\t\t\t\t<\/div>\n\t\t\t\t<\/div>\n\t\t\t\t\t<\/div>\n\t\t<\/div>\n\t\t\t\t<div class=\"elementor-column elementor-col-33 elementor-top-column elementor-element elementor-element-ab0cc6c\" data-id=\"ab0cc6c\" data-element_type=\"column\" data-e-type=\"column\">\n\t\t\t<div class=\"elementor-widget-wrap elementor-element-populated\">\n\t\t\t\t\t\t<div class=\"elementor-element elementor-element-3eb4328 elementor-widget elementor-widget-image\" data-id=\"3eb4328\" data-element_type=\"widget\" data-e-type=\"widget\" data-settings=\"{&quot;_animation&quot;:&quot;none&quot;}\" data-widget_type=\"image.default\">\n\t\t\t\t<div class=\"elementor-widget-container\">\n\t\t\t\t\t\t\t\t\t\t\t\t\t\t\t<img decoding=\"async\" width=\"500\" height=\"500\" src=\"https:\/\/www.componentesyunidades.com\/wp-content\/uploads\/2021\/09\/jose_manuel_pisa-e1632118111846.jpg\" class=\"attachment-full size-full wp-image-3331\" alt=\"\" \/>\t\t\t\t\t\t\t\t\t\t\t\t\t\t\t<\/div>\n\t\t\t\t<\/div>\n\t\t\t\t<div class=\"elementor-element elementor-element-49f68db elementor-absolute elementor-invisible elementor-widget elementor-widget-image\" data-id=\"49f68db\" data-element_type=\"widget\" data-e-type=\"widget\" data-settings=\"{&quot;_animation&quot;:&quot;fadeInRight&quot;,&quot;_position&quot;:&quot;absolute&quot;}\" data-widget_type=\"image.default\">\n\t\t\t\t<div class=\"elementor-widget-container\">\n\t\t\t\t\t\t\t\t\t\t\t\t\t\t\t<img decoding=\"async\" src=\"https:\/\/www.componentesyunidades.com\/wp-content\/uploads\/elementor\/thumbs\/Composicion-componentes-rojo-qc8ungt9kgn43rnat0ogv0wq3of6gjy1a97cn7sgdk.png\" title=\"Composicion componentes-rojo\" alt=\"Composicion componentes-rojo\" loading=\"lazy\" \/>\t\t\t\t\t\t\t\t\t\t\t\t\t\t\t<\/div>\n\t\t\t\t<\/div>\n\t\t\t\t<div class=\"elementor-element elementor-element-561d872 elementor-widget elementor-widget-heading\" data-id=\"561d872\" data-element_type=\"widget\" data-e-type=\"widget\" data-widget_type=\"heading.default\">\n\t\t\t\t<div class=\"elementor-widget-container\">\n\t\t\t\t\t<h2 class=\"elementor-heading-title elementor-size-default\">Jos\u00e9 Manuel Pisa<\/h2>\t\t\t\t<\/div>\n\t\t\t\t<\/div>\n\t\t\t\t<div class=\"elementor-element elementor-element-ae61ddf elementor-widget elementor-widget-heading\" data-id=\"ae61ddf\" data-element_type=\"widget\" data-e-type=\"widget\" data-widget_type=\"heading.default\">\n\t\t\t\t<div class=\"elementor-widget-container\">\n\t\t\t\t\t<h2 class=\"elementor-heading-title elementor-size-default\">Director of Industrialized Architecture<\/h2>\t\t\t\t<\/div>\n\t\t\t\t<\/div>\n\t\t\t\t<div class=\"elementor-element elementor-element-8d40d8f elementor-widget elementor-widget-text-editor\" data-id=\"8d40d8f\" data-element_type=\"widget\" data-e-type=\"widget\" data-widget_type=\"text-editor.default\">\n\t\t\t\t<div class=\"elementor-widget-container\">\n\t\t\t\t\t\t\t\t\t<p>Jos\u00e9 Manuel is an Architect from the Higher Technical School of Architecture of Madrid, specialised in construction.<br \/>He was the manager of Ceyd Tecnica, a civil engineering company that has carried out more than 200 projects, as well as the founding architect and director of Arquitectonia, a company that has developed more than 350 building projects and 30 urban planning designs.<br \/>In this period he has received ten architecture awards and his works have been published in various specialist magazines.<br \/>Since 2012 he has concentrated his efforts on industrialised construction architecture, with involvement in 32 industrialised buildings in Spain, Africa and the United Kingdom.<\/p>\t\t\t\t\t\t\t\t<\/div>\n\t\t\t\t<\/div>\n\t\t\t\t\t<\/div>\n\t\t<\/div>\n\t\t\t\t\t<\/div>\n\t\t<\/section>\n\t\t\t\t<\/div>\n\t\t","protected":false},"excerpt":{"rendered":"<p>MANAGEMENT TEAM Bego\u00f1a L\u00f3pez Ferrer CEO Bego\u00f1a L\u00f3pez is an economist and MBA graduate with more than 20 years of experience in the business sector, and 8 years in the public sector. In 2004 she entered the industrialised construction area and has since led and developed important industrialised production centres such as Modultec and The [&hellip;]<\/p>\n","protected":false},"author":3,"featured_media":0,"parent":0,"menu_order":0,"comment_status":"closed","ping_status":"closed","template":"","meta":{"footnotes":""},"class_list":["post-3550","page","type-page","status-publish","hentry"],"_links":{"self":[{"href":"https:\/\/www.componentesyunidades.com\/en\/wp-json\/wp\/v2\/pages\/3550","targetHints":{"allow":["GET"]}}],"collection":[{"href":"https:\/\/www.componentesyunidades.com\/en\/wp-json\/wp\/v2\/pages"}],"about":[{"href":"https:\/\/www.componentesyunidades.com\/en\/wp-json\/wp\/v2\/types\/page"}],"author":[{"embeddable":true,"href":"https:\/\/www.componentesyunidades.com\/en\/wp-json\/wp\/v2\/users\/3"}],"replies":[{"embeddable":true,"href":"https:\/\/www.componentesyunidades.com\/en\/wp-json\/wp\/v2\/comments?post=3550"}],"version-history":[{"count":13,"href":"https:\/\/www.componentesyunidades.com\/en\/wp-json\/wp\/v2\/pages\/3550\/revisions"}],"predecessor-version":[{"id":24588,"href":"https:\/\/www.componentesyunidades.com\/en\/wp-json\/wp\/v2\/pages\/3550\/revisions\/24588"}],"wp:attachment":[{"href":"https:\/\/www.componentesyunidades.com\/en\/wp-json\/wp\/v2\/media?parent=3550"}],"curies":[{"name":"wp","href":"https:\/\/api.w.org\/{rel}","templated":true}]}}